{"id":655,"date":"2017-06-27T06:32:31","date_gmt":"2017-06-27T06:32:31","guid":{"rendered":"http:\/\/dummy.xtemos.com\/woodmart\/demos\/?page_id=655"},"modified":"2025-10-29T15:17:09","modified_gmt":"2025-10-29T15:17:09","slug":"contact-us-4","status":"publish","type":"page","link":"https:\/\/ttccoatings.com\/ar\/contact-us-4\/","title":{"rendered":"\u0645\u0639\u0644\u0648\u0645\u0627\u062a \u0627\u0644\u0627\u062a\u0635\u0627\u0644 \u0628\u0646\u0627"},"content":{"rendered":"<div class=\"vc_row wpb_row vc_row-fluid vc_custom_1609689882691\"><div class=\"wpb_column vc_column_container vc_col-sm-12 vc_col-lg-12 vc_col-md-12\"><div class=\"vc_column-inner vc_custom_1609690618148\"><div class=\"wpb_wrapper\">\t\t\n\t\t<div id=\"wd-5ff207b502080\" class=\"title-wrapper wd-wpb set-mb-s reset-last-child  wd-rs-5ff207b502080 wd-title-color-default wd-underline-colored wd-title-style-default wd-width-100 text-left\">\n\t\t\t\n\t\t\t<div class=\"liner-continer\">\n\t\t\t\t<h4 class=\"woodmart-title-container title  wd-font-weight-100 wd-fontsize-l\" ><strong>Our Locations<\/strong> Top Technical Coatings<\/h4>\n\t\t\t\t\t\t\t<\/div>\n\t\t\t\n\t\t\t\n\t\t\t\n\t\t<\/div>\n\t\t\n\t\t<div class=\"vc_row wpb_row vc_inner vc_row-fluid\"><div class=\"wpb_column vc_column_container vc_col-sm-12\"><div class=\"vc_column-inner\"><div class=\"wpb_wrapper\"><p style=\"font-size: 16px;color: #333333;text-align: left\" class=\"vc_custom_heading vc_custom_1609691504172\" ><strong>TURKEY<\/strong><\/p>\n\t<div class=\"wpb_text_column wpb_content_element vc_custom_1653247954552\" >\n\t\t<div class=\"wpb_wrapper\">\n\t\t\t<p>Abdurrahman Gazi Mah. Alt\u0131nay Sok. Bina 10A, Sancaktepe 34887 | ISTANBUL<\/p>\n\n\t\t<\/div>\n\t<\/div>\n\n\t<div class=\"wpb_text_column wpb_content_element\" >\n\t\t<div class=\"wpb_wrapper\">\n\t\t\t<p><strong>Mobile: +90 539 482 11 46<\/strong><\/p>\n<p><strong>Email:<\/strong> ttccoatings@yandex.ru<\/p>\n\n\t\t<\/div>\n\t<\/div>\n<\/div><\/div><\/div><\/div>\t\t\n\t\t<div id=\"wd-69ddd12841a1f\" class=\"title-wrapper wd-wpb set-mb-s reset-last-child  wd-title-color-default wd-underline-colored wd-title-style-default wd-width-100 text-left vc_custom_1494425607421\">\n\t\t\t\n\t\t\t<div class=\"liner-continer\">\n\t\t\t\t<h4 class=\"woodmart-title-container title  wd-font-weight- wd-fontsize-l\" >CONTACT US<\/h4>\n\t\t\t\t\t\t\t<\/div>\n\t\t\t\n\t\t\t\n\t\t\t\n\t\t<\/div>\n\t\t\n\t\t\n\t<div class=\"wpb_text_column wpb_content_element vc_custom_1609691430734\" >\n\t\t<div class=\"wpb_wrapper\">\n\t\t\t<p style=\"text-align: left;\">For technical questions or product information, application services, to become reseller, pricing and delivery conditions, please;<\/p>\n\n\t\t<\/div>\n\t<\/div>\n<div id=\"wd-5ff1f10dd543d\" class=\"wd-rs-5ff1f10dd543d wd-button-wrapper woodmart-button-wrapper text-left\"><a href=\"#contact-form-popup\" title=\"\" class=\"btn btn-color-primary btn-style-default btn-shape-rectangle btn-size-default wd-open-popup\">WRITE A MESSAGE<\/a><\/div><div id=\"contact-form-popup\" class=\"mfp-with-anim wd-popup mfp-hide woodmart-content-popup\" style=\"max-width:900px;\"><div class=\"wd-popup-inner\"><div class=\"vc_row wpb_row vc_inner vc_row-fluid vc_custom_1493299761637 vc_row-o-equal-height vc_row-flex\"><div class=\"wpb_column vc_column_container vc_col-sm-8\"><div class=\"vc_column-inner vc_custom_1493299937177\"><div class=\"wpb_wrapper\">\t\t\n\t\t<div id=\"wd-69ddd12841f12\" class=\"title-wrapper wd-wpb set-mb-s reset-last-child  wd-title-color-default wd-underline-colored wd-title-style-default wd-width-100 text-left\">\n\t\t\t\n\t\t\t<div class=\"liner-continer\">\n\t\t\t\t<h4 class=\"woodmart-title-container title  wd-font-weight- wd-fontsize-m\" >SEND US A MESSAGE<\/h4>\n\t\t\t\t\t\t\t<\/div>\n\t\t\t\n\t\t\t\n\t\t\t\n\t\t<\/div>\n\t\t\n\t\t\n<div class=\"wpcf7 no-js\" id=\"wpcf7-f369-o1\" lang=\"en-US\" dir=\"ltr\" data-wpcf7-id=\"369\">\n<div class=\"screen-reader-response\"><p role=\"status\" aria-live=\"polite\" aria-atomic=\"true\"><\/p> <ul><\/ul><\/div>\n<form action=\"\/ar\/wp-json\/wp\/v2\/pages\/655#wpcf7-f369-o1\" method=\"post\" class=\"wpcf7-form init\" aria-label=\"Contact form\" novalidate=\"novalidate\" data-status=\"init\" data-trp-original-action=\"\/ar\/wp-json\/wp\/v2\/pages\/655#wpcf7-f369-o1\">\n<fieldset class=\"hidden-fields-container\"><input type=\"hidden\" name=\"_wpcf7\" value=\"369\" \/><input type=\"hidden\" name=\"_wpcf7_version\" value=\"6.1.3\" \/><input type=\"hidden\" name=\"_wpcf7_locale\" value=\"en_US\" \/><input type=\"hidden\" name=\"_wpcf7_unit_tag\" value=\"wpcf7-f369-o1\" \/><input type=\"hidden\" name=\"_wpcf7_container_post\" value=\"0\" \/><input type=\"hidden\" name=\"_wpcf7_posted_data_hash\" value=\"\" \/>\n<\/fieldset>\n<p><label> Your Name (required)<br \/>\n<span class=\"wpcf7-form-control-wrap\" data-name=\"your-name\"><input size=\"40\" maxlength=\"400\" class=\"wpcf7-form-control wpcf7-text wpcf7-validates-as-required\" aria-required=\"true\" aria-invalid=\"false\" value=\"\" type=\"text\" name=\"your-name\" \/><\/span> <\/label>\n<\/p>\n<p><label> Your Email (required)<br \/>\n<span class=\"wpcf7-form-control-wrap\" data-name=\"your-email\"><input size=\"40\" maxlength=\"400\" class=\"wpcf7-form-control wpcf7-email wpcf7-validates-as-required wpcf7-text wpcf7-validates-as-email\" aria-required=\"true\" aria-invalid=\"false\" value=\"\" type=\"email\" name=\"your-email\" \/><\/span> <\/label>\n<\/p>\n<p><label> Subject<br \/>\n<span class=\"wpcf7-form-control-wrap\" data-name=\"your-subject\"><input size=\"40\" maxlength=\"400\" class=\"wpcf7-form-control wpcf7-text\" aria-invalid=\"false\" value=\"\" type=\"text\" name=\"your-subject\" \/><\/span> <\/label>\n<\/p>\n<p><label> Your Message<br \/>\n<span class=\"wpcf7-form-control-wrap\" data-name=\"your-message\"><textarea cols=\"40\" rows=\"10\" maxlength=\"2000\" class=\"wpcf7-form-control wpcf7-textarea\" aria-invalid=\"false\" name=\"your-message\"><\/textarea><\/span> <\/label>\n<\/p>\n<p><input class=\"wpcf7-form-control wpcf7-submit has-spinner\" type=\"submit\" value=\"Send\" \/>\n<\/p><p style=\"display: none !important;\" class=\"akismet-fields-container\" data-prefix=\"_wpcf7_ak_\"><label>&#916;<textarea name=\"_wpcf7_ak_hp_textarea\" cols=\"45\" rows=\"8\" maxlength=\"100\"><\/textarea><\/label><input type=\"hidden\" id=\"ak_js_1\" name=\"_wpcf7_ak_js\" value=\"157\"\/><script>document.getElementById( \"ak_js_1\" ).setAttribute( \"value\", ( new Date() ).getTime() );<\/script><\/p><div class=\"wpcf7-response-output\" aria-hidden=\"true\"><\/div>\n<input type=\"hidden\" name=\"trp-form-language\" value=\"ar\"\/><\/form>\n<\/div>\n<\/div><\/div><\/div><div class=\"wpb_column vc_column_container vc_col-sm-4 vc_col-has-fill\"><div class=\"vc_column-inner vc_custom_1493299742195\"><div class=\"wpb_wrapper\">\t\t\n\t\t<div id=\"wd-69ddd128444ca\" class=\"title-wrapper wd-wpb set-mb-s reset-last-child  wd-title-color-white wd-underline-colored wd-title-style-default wd-width-100 text-left\">\n\t\t\t\n\t\t\t<div class=\"liner-continer\">\n\t\t\t\t<h4 class=\"woodmart-title-container title  wd-font-weight- wd-fontsize-m\" >CONTACT INFORMATION<\/h4>\n\t\t\t\t\t\t\t<\/div>\n\t\t\t\n\t\t\t\n\t\t\t\n\t\t<\/div>\n\t\t\n\t\t\t\t\t<div class=\"info-box-wrapper\">\n\t\t\t\t<div id=\"wd-5ff1f50349b18\" class=\"wd-rs-5ff1f50349b18 wd-info-box woodmart-info-box wd-wpb text-left box-icon-align-left box-style- color-scheme-light wd-bg-none box-title-default\"  >\n\t\t\t\t\t\t\t\t\t\t\t<div class=\"box-icon-wrapper  box-with-icon box-icon-simple\">\n\t\t\t\t\t\t\t<div class=\"info-box-icon\">\n\n\t\t\t\t\t\t\t\n\t\t\t\t\t\t\t\t\t\t\t\t\t\t\t\t\t<div class=\"info-svg-wrapper info-icon\" style=\"width: 30px;height: 30px;\"><svg xmlns=\"http:\/\/www.w3.org\/2000\/svg\" xmlns:xlink=\"http:\/\/www.w3.org\/1999\/xlink\" version=\"1.1\" id=\"svg-7807\" x=\"0px\" y=\"0px\" viewbox=\"0 0 60.062 60.062\" style=\"enable-background:new 0 0 60.062 60.062;\" xml:space=\"preserve\" width=\"512px\" height=\"512px\">\n<path d=\"M60.046,11.196c0.004-0.024,0.011-0.048,0.013-0.072c0.007-0.074-0.001-0.149-0.01-0.224  c-0.002-0.019,0.001-0.037-0.002-0.056c-0.018-0.099-0.051-0.196-0.1-0.289c-0.008-0.016-0.019-0.031-0.028-0.047  c-0.002-0.002-0.002-0.005-0.003-0.008c-0.001-0.002-0.004-0.003-0.005-0.006c-0.007-0.011-0.013-0.023-0.02-0.033  c-0.062-0.091-0.137-0.166-0.221-0.23c-0.019-0.014-0.041-0.022-0.061-0.035c-0.074-0.049-0.152-0.089-0.236-0.116  c-0.037-0.012-0.074-0.018-0.112-0.025c-0.073-0.015-0.146-0.022-0.222-0.02c-0.04,0.001-0.078,0.003-0.118,0.009  c-0.026,0.004-0.051,0-0.077,0.006L0.798,22.046c-0.413,0.086-0.729,0.421-0.788,0.839s0.15,0.828,0.523,1.025l16.632,8.773  l2.917,16.187c-0.002,0.012,0.001,0.025,0,0.037c-0.01,0.08-0.011,0.158-0.001,0.237c0.005,0.04,0.01,0.078,0.02,0.117  c0.023,0.095,0.06,0.184,0.11,0.268c0.01,0.016,0.01,0.035,0.021,0.051c0.003,0.005,0.008,0.009,0.012,0.013  c0.013,0.019,0.031,0.034,0.046,0.053c0.047,0.058,0.096,0.111,0.152,0.156c0.009,0.007,0.015,0.018,0.025,0.025  c0.015,0.011,0.032,0.014,0.047,0.024c0.061,0.04,0.124,0.073,0.191,0.099c0.027,0.01,0.052,0.022,0.08,0.03  c0.09,0.026,0.183,0.044,0.277,0.044c0.001,0,0.002,0,0.003,0h0c0,0,0,0,0,0c0.004,0,0.008-0.002,0.012-0.002  c0.017,0.001,0.034,0.002,0.051,0.002c0.277,0,0.527-0.124,0.712-0.315l11.079-7.386l11.6,7.54c0.164,0.106,0.354,0.161,0.545,0.161  c0.105,0,0.212-0.017,0.315-0.051c0.288-0.096,0.518-0.318,0.623-0.604l13.996-37.989c0.013-0.034,0.024-0.069,0.033-0.105  c0.004-0.015,0.005-0.03,0.008-0.044C60.042,11.22,60.044,11.208,60.046,11.196z M48.464,17.579L24.471,35.22  c-0.039,0.029-0.07,0.065-0.104,0.099c-0.013,0.012-0.026,0.022-0.037,0.035c-0.021,0.023-0.04,0.046-0.059,0.071  c-0.018,0.024-0.032,0.049-0.048,0.074c-0.037,0.06-0.068,0.122-0.092,0.188c-0.005,0.013-0.013,0.023-0.017,0.036  c-0.001,0.004-0.005,0.006-0.006,0.01l-2.75,8.937l-2.179-12.091L48.464,17.579z M22.908,46.594l2.726-9.004l4.244,2.759  l1.214,0.789l-4.124,2.749L22.908,46.594z M52.044,13.498L18.071,30.899l-14.14-7.458L52.044,13.498z M44.559,47.504L29.154,37.492  l-2.333-1.517l30.154-22.172L44.559,47.504z\" fill=\"#FFFFFF\"\/>\n<g>\n<\/g>\n<g>\n<\/g>\n<g>\n<\/g>\n<g>\n<\/g>\n<g>\n<\/g>\n<g>\n<\/g>\n<g>\n<\/g>\n<g>\n<\/g>\n<g>\n<\/g>\n<g>\n<\/g>\n<g>\n<\/g>\n<g>\n<\/g>\n<g>\n<\/g>\n<g>\n<\/g>\n<g>\n<\/g>\n<\/svg>\n<\/div>\t\t\t\t\t\t\t\t\t\t\t\t\t\t\t\n\t\t\t\t\t\t\t<\/div>\n\t\t\t\t\t\t<\/div>\n\t\t\t\t\t\t\t\t\t\t<div class=\"info-box-content\">\n\t\t\t\t\t\t\t\t\t\t\t\t<div class=\"info-box-inner set-cont-mb-s reset-last-child\">\n\t\t\t\t\t\t\t<p>Oru\u00e7reis Mah., Vadi Caddesi, \u0130\u015f Merkezi, Nr.170 Floor: 2 Nr.207 | ISTANBUL<\/p>\n\t\t\t\t\t\t<\/div>\n\n\t\t\t\t\t\t\t\t\t\t\t<\/div>\n\n\t\t\t\t\t\t\t\t\t<\/div>\n\t\t\t<\/div>\n\t\t\t\t\t<div class=\"info-box-wrapper\">\n\t\t\t\t<div id=\"wd-5ff1f53bcfad4\" class=\"wd-rs-5ff1f53bcfad4 wd-info-box woodmart-info-box wd-wpb text-left box-icon-align-left box-style- color-scheme-light wd-bg-none box-title-default\"  >\n\t\t\t\t\t\t\t\t\t\t\t<div class=\"box-icon-wrapper  box-with-icon box-icon-simple\">\n\t\t\t\t\t\t\t<div class=\"info-box-icon\">\n\n\t\t\t\t\t\t\t\n\t\t\t\t\t\t\t\t\t\t\t\t\t\t\t\t\t<div class=\"info-svg-wrapper info-icon\" style=\"width: 30px;height: 30px;\"><svg xmlns=\"http:\/\/www.w3.org\/2000\/svg\" xmlns:xlink=\"http:\/\/www.w3.org\/1999\/xlink\" version=\"1.1\" id=\"svg-3958\" x=\"0px\" y=\"0px\" viewbox=\"0 0 60.062 60.062\" style=\"enable-background:new 0 0 60.062 60.062;\" xml:space=\"preserve\" width=\"512px\" height=\"512px\">\n<path d=\"M60.046,11.196c0.004-0.024,0.011-0.048,0.013-0.072c0.007-0.074-0.001-0.149-0.01-0.224  c-0.002-0.019,0.001-0.037-0.002-0.056c-0.018-0.099-0.051-0.196-0.1-0.289c-0.008-0.016-0.019-0.031-0.028-0.047  c-0.002-0.002-0.002-0.005-0.003-0.008c-0.001-0.002-0.004-0.003-0.005-0.006c-0.007-0.011-0.013-0.023-0.02-0.033  c-0.062-0.091-0.137-0.166-0.221-0.23c-0.019-0.014-0.041-0.022-0.061-0.035c-0.074-0.049-0.152-0.089-0.236-0.116  c-0.037-0.012-0.074-0.018-0.112-0.025c-0.073-0.015-0.146-0.022-0.222-0.02c-0.04,0.001-0.078,0.003-0.118,0.009  c-0.026,0.004-0.051,0-0.077,0.006L0.798,22.046c-0.413,0.086-0.729,0.421-0.788,0.839s0.15,0.828,0.523,1.025l16.632,8.773  l2.917,16.187c-0.002,0.012,0.001,0.025,0,0.037c-0.01,0.08-0.011,0.158-0.001,0.237c0.005,0.04,0.01,0.078,0.02,0.117  c0.023,0.095,0.06,0.184,0.11,0.268c0.01,0.016,0.01,0.035,0.021,0.051c0.003,0.005,0.008,0.009,0.012,0.013  c0.013,0.019,0.031,0.034,0.046,0.053c0.047,0.058,0.096,0.111,0.152,0.156c0.009,0.007,0.015,0.018,0.025,0.025  c0.015,0.011,0.032,0.014,0.047,0.024c0.061,0.04,0.124,0.073,0.191,0.099c0.027,0.01,0.052,0.022,0.08,0.03  c0.09,0.026,0.183,0.044,0.277,0.044c0.001,0,0.002,0,0.003,0h0c0,0,0,0,0,0c0.004,0,0.008-0.002,0.012-0.002  c0.017,0.001,0.034,0.002,0.051,0.002c0.277,0,0.527-0.124,0.712-0.315l11.079-7.386l11.6,7.54c0.164,0.106,0.354,0.161,0.545,0.161  c0.105,0,0.212-0.017,0.315-0.051c0.288-0.096,0.518-0.318,0.623-0.604l13.996-37.989c0.013-0.034,0.024-0.069,0.033-0.105  c0.004-0.015,0.005-0.03,0.008-0.044C60.042,11.22,60.044,11.208,60.046,11.196z M48.464,17.579L24.471,35.22  c-0.039,0.029-0.07,0.065-0.104,0.099c-0.013,0.012-0.026,0.022-0.037,0.035c-0.021,0.023-0.04,0.046-0.059,0.071  c-0.018,0.024-0.032,0.049-0.048,0.074c-0.037,0.06-0.068,0.122-0.092,0.188c-0.005,0.013-0.013,0.023-0.017,0.036  c-0.001,0.004-0.005,0.006-0.006,0.01l-2.75,8.937l-2.179-12.091L48.464,17.579z M22.908,46.594l2.726-9.004l4.244,2.759  l1.214,0.789l-4.124,2.749L22.908,46.594z M52.044,13.498L18.071,30.899l-14.14-7.458L52.044,13.498z M44.559,47.504L29.154,37.492  l-2.333-1.517l30.154-22.172L44.559,47.504z\" fill=\"#FFFFFF\"\/>\n<g>\n<\/g>\n<g>\n<\/g>\n<g>\n<\/g>\n<g>\n<\/g>\n<g>\n<\/g>\n<g>\n<\/g>\n<g>\n<\/g>\n<g>\n<\/g>\n<g>\n<\/g>\n<g>\n<\/g>\n<g>\n<\/g>\n<g>\n<\/g>\n<g>\n<\/g>\n<g>\n<\/g>\n<g>\n<\/g>\n<\/svg>\n<\/div>\t\t\t\t\t\t\t\t\t\t\t\t\t\t\t\n\t\t\t\t\t\t\t<\/div>\n\t\t\t\t\t\t<\/div>\n\t\t\t\t\t\t\t\t\t\t<div class=\"info-box-content\">\n\t\t\t\t\t\t\t\t\t\t\t\t<div class=\"info-box-inner set-cont-mb-s reset-last-child\">\n\t\t\t\t\t\t\t<p><strong>Phone:<\/strong> +90 212 4384922<\/p>\n\t\t\t\t\t\t<\/div>\n\n\t\t\t\t\t\t\t\t\t\t\t<\/div>\n\n\t\t\t\t\t\t\t\t\t<\/div>\n\t\t\t<\/div>\n\t\t\t\t\t<div class=\"info-box-wrapper\">\n\t\t\t\t<div id=\"wd-5ff1f54a1d12c\" class=\"wd-rs-5ff1f54a1d12c wd-info-box woodmart-info-box wd-wpb text-left box-icon-align-left box-style- color-scheme-light wd-bg-none box-title-default\"  >\n\t\t\t\t\t\t\t\t\t\t\t<div class=\"box-icon-wrapper  box-with-icon box-icon-simple\">\n\t\t\t\t\t\t\t<div class=\"info-box-icon\">\n\n\t\t\t\t\t\t\t\n\t\t\t\t\t\t\t\t\t\t\t\t\t\t\t\t\t<div class=\"info-svg-wrapper info-icon\" style=\"width: 30px;height: 30px;\"><svg xmlns=\"http:\/\/www.w3.org\/2000\/svg\" xmlns:xlink=\"http:\/\/www.w3.org\/1999\/xlink\" version=\"1.1\" id=\"svg-9597\" x=\"0px\" y=\"0px\" viewbox=\"0 0 60.062 60.062\" style=\"enable-background:new 0 0 60.062 60.062;\" xml:space=\"preserve\" width=\"512px\" height=\"512px\">\n<path d=\"M60.046,11.196c0.004-0.024,0.011-0.048,0.013-0.072c0.007-0.074-0.001-0.149-0.01-0.224  c-0.002-0.019,0.001-0.037-0.002-0.056c-0.018-0.099-0.051-0.196-0.1-0.289c-0.008-0.016-0.019-0.031-0.028-0.047  c-0.002-0.002-0.002-0.005-0.003-0.008c-0.001-0.002-0.004-0.003-0.005-0.006c-0.007-0.011-0.013-0.023-0.02-0.033  c-0.062-0.091-0.137-0.166-0.221-0.23c-0.019-0.014-0.041-0.022-0.061-0.035c-0.074-0.049-0.152-0.089-0.236-0.116  c-0.037-0.012-0.074-0.018-0.112-0.025c-0.073-0.015-0.146-0.022-0.222-0.02c-0.04,0.001-0.078,0.003-0.118,0.009  c-0.026,0.004-0.051,0-0.077,0.006L0.798,22.046c-0.413,0.086-0.729,0.421-0.788,0.839s0.15,0.828,0.523,1.025l16.632,8.773  l2.917,16.187c-0.002,0.012,0.001,0.025,0,0.037c-0.01,0.08-0.011,0.158-0.001,0.237c0.005,0.04,0.01,0.078,0.02,0.117  c0.023,0.095,0.06,0.184,0.11,0.268c0.01,0.016,0.01,0.035,0.021,0.051c0.003,0.005,0.008,0.009,0.012,0.013  c0.013,0.019,0.031,0.034,0.046,0.053c0.047,0.058,0.096,0.111,0.152,0.156c0.009,0.007,0.015,0.018,0.025,0.025  c0.015,0.011,0.032,0.014,0.047,0.024c0.061,0.04,0.124,0.073,0.191,0.099c0.027,0.01,0.052,0.022,0.08,0.03  c0.09,0.026,0.183,0.044,0.277,0.044c0.001,0,0.002,0,0.003,0h0c0,0,0,0,0,0c0.004,0,0.008-0.002,0.012-0.002  c0.017,0.001,0.034,0.002,0.051,0.002c0.277,0,0.527-0.124,0.712-0.315l11.079-7.386l11.6,7.54c0.164,0.106,0.354,0.161,0.545,0.161  c0.105,0,0.212-0.017,0.315-0.051c0.288-0.096,0.518-0.318,0.623-0.604l13.996-37.989c0.013-0.034,0.024-0.069,0.033-0.105  c0.004-0.015,0.005-0.03,0.008-0.044C60.042,11.22,60.044,11.208,60.046,11.196z M48.464,17.579L24.471,35.22  c-0.039,0.029-0.07,0.065-0.104,0.099c-0.013,0.012-0.026,0.022-0.037,0.035c-0.021,0.023-0.04,0.046-0.059,0.071  c-0.018,0.024-0.032,0.049-0.048,0.074c-0.037,0.06-0.068,0.122-0.092,0.188c-0.005,0.013-0.013,0.023-0.017,0.036  c-0.001,0.004-0.005,0.006-0.006,0.01l-2.75,8.937l-2.179-12.091L48.464,17.579z M22.908,46.594l2.726-9.004l4.244,2.759  l1.214,0.789l-4.124,2.749L22.908,46.594z M52.044,13.498L18.071,30.899l-14.14-7.458L52.044,13.498z M44.559,47.504L29.154,37.492  l-2.333-1.517l30.154-22.172L44.559,47.504z\" fill=\"#FFFFFF\"\/>\n<g>\n<\/g>\n<g>\n<\/g>\n<g>\n<\/g>\n<g>\n<\/g>\n<g>\n<\/g>\n<g>\n<\/g>\n<g>\n<\/g>\n<g>\n<\/g>\n<g>\n<\/g>\n<g>\n<\/g>\n<g>\n<\/g>\n<g>\n<\/g>\n<g>\n<\/g>\n<g>\n<\/g>\n<g>\n<\/g>\n<\/svg>\n<\/div>\t\t\t\t\t\t\t\t\t\t\t\t\t\t\t\n\t\t\t\t\t\t\t<\/div>\n\t\t\t\t\t\t<\/div>\n\t\t\t\t\t\t\t\t\t\t<div class=\"info-box-content\">\n\t\t\t\t\t\t\t\t\t\t\t\t<div class=\"info-box-inner set-cont-mb-s reset-last-child\">\n\t\t\t\t\t\t\t<p><strong>Email:<\/strong> ttc@toptechnicalcoatings.com<\/p>\n\t\t\t\t\t\t<\/div>\n\n\t\t\t\t\t\t\t\t\t\t\t<\/div>\n\n\t\t\t\t\t\t\t\t\t<\/div>\n\t\t\t<\/div>\n\t\t<div class=\"vc_separator wpb_content_element vc_separator_align_center vc_sep_width_100 vc_sep_pos_align_center vc_separator_no_text vc_custom_1484144347493\" ><span class=\"vc_sep_holder vc_sep_holder_l\"><span  style=\"border-color:rgb(255,255,255);border-color:rgba(255,255,255,0.15);\" class=\"vc_sep_line\"><\/span><\/span><span class=\"vc_sep_holder vc_sep_holder_r\"><span  style=\"border-color:rgb(255,255,255);border-color:rgba(255,255,255,0.15);\" class=\"vc_sep_line\"><\/span><\/span>\n<\/div>\n\t<div class=\"wpb_text_column wpb_content_element vc_custom_1609692536666\" >\n\t\t<div class=\"wpb_wrapper\">\n\t\t\t<p>For technical questions or product information, application services, to become reseller, pricing and delivery conditions.<\/p>\n\n\t\t<\/div>\n\t<\/div>\n\n\t\t\t<div class=\"wd-social-icons woodmart-social-icons text-left icons-design-colored icons-size-small color-scheme-dark social-share social-form-circle\">\n\t\t\t\t\t\t\t\t\t<a rel=\"noopener noreferrer nofollow\" href=\"https:\/\/www.facebook.com\/sharer\/sharer.php?u=https:\/\/ttccoatings.com\/ar\/contact-us-4\/\" target=\"_blank\" class=\"wd-social-icon social-facebook\" aria-label=\"Facebook social link\">\n\t\t\t\t\t\t<span class=\"wd-icon\"><\/span>\n\t\t\t\t\t\t\t\t\t\t\t<\/a>\n\t\t\t\t\n\t\t\t\t\n\t\t\t\t\t\t\t\t\t<a rel=\"noopener noreferrer nofollow\" href=\"mailto:?subject=Check%20this%20https:\/\/ttccoatings.com\/ar\/contact-us-4\/\" target=\"_blank\" class=\"wd-social-icon social-email\" aria-label=\"Email social link\">\n\t\t\t\t\t\t<span class=\"wd-icon\"><\/span>\n\t\t\t\t\t\t\t\t\t\t\t<\/a>\n\t\t\t\t\n\t\t\t\t\n\t\t\t\t\n\t\t\t\t\n\t\t\t\t\n\t\t\t\t\t\t\t\t\t<a rel=\"noopener noreferrer nofollow\" href=\"https:\/\/www.linkedin.com\/shareArticle?mini=true&url=https:\/\/ttccoatings.com\/ar\/contact-us-4\/\" target=\"_blank\" class=\"wd-social-icon social-linkedin\" aria-label=\"Linkedin social link\">\n\t\t\t\t\t\t<span class=\"wd-icon\"><\/span>\n\t\t\t\t\t\t\t\t\t\t\t<\/a>\n\t\t\t\t\n\t\t\t\t\n\t\t\t\t\n\t\t\t\t\n\t\t\t\t\n\t\t\t\t\n\t\t\t\t\n\t\t\t\t\n\t\t\t\t\n\t\t\t\t\t\t\t\t\t<a rel=\"noopener noreferrer nofollow\" href=\"https:\/\/api.whatsapp.com\/send?text=https%3A%2F%2Fttccoatings.com%2Far%2Fcontact-us-4%2F\" target=\"_blank\" class=\"whatsapp-desktop  wd-social-icon social-whatsapp\" aria-label=\"WhatsApp social link\">\n\t\t\t\t\t\t<span class=\"wd-icon\"><\/span>\n\t\t\t\t\t\t\t\t\t\t\t<\/a>\n\t\t\t\t\t\n\t\t\t\t\t<a rel=\"noopener noreferrer nofollow\" href=\"whatsapp:\/\/send?text=https%3A%2F%2Fttccoatings.com%2Far%2Fcontact-us-4%2F\" target=\"_blank\" class=\"whatsapp-mobile  wd-social-icon social-whatsapp\" aria-label=\"WhatsApp social link\">\n\t\t\t\t\t\t<span class=\"wd-icon\"><\/span>\n\t\t\t\t\t\t\t\t\t\t\t<\/a>\n\t\t\t\t\n\t\t\t\t\t\t\t\t\n\t\t\t\t\t\t\t\t\n\t\t\t\t\n\t\t\t\t\t\t\t\t\t<a rel=\"noopener noreferrer nofollow\" href=\"https:\/\/telegram.me\/share\/url?url=https:\/\/ttccoatings.com\/ar\/contact-us-4\/\" target=\"_blank\" class=\"wd-social-icon social-tg\" aria-label=\"Telegram social link\">\n\t\t\t\t\t\t<span class=\"wd-icon\"><\/span>\n\t\t\t\t\t\t\t\t\t\t\t<\/a>\n\t\t\t\t\t\t\t\t\n\t\t\t\t\t\t\t\t\t<a rel=\"noopener noreferrer nofollow\" href=\"viber:\/\/forward?text=https:\/\/ttccoatings.com\/ar\/contact-us-4\/\" target=\"_blank\" class=\"wd-social-icon social-viber\" aria-label=\"Viber social link\">\n\t\t\t\t\t\t<span class=\"wd-icon\"><\/span>\n\t\t\t\t\t\t\t\t\t\t\t<\/a>\n\t\t\t\t\n\t\t\t<\/div>\n\n\t\t<\/div><\/div><\/div><\/div><\/div><\/div><\/div><\/div><\/div><\/div><div class=\"vc_row wpb_row vc_row-fluid\"><div class=\"wpb_column vc_column_container vc_col-sm-12\"><div class=\"vc_column-inner\"><div class=\"wpb_wrapper\"><div class=\"wpb_gmaps_widget wpb_content_element\"><div class=\"wpb_wrapper\"><div class=\"wpb_map_wraper\"><iframe src=\"https:\/\/www.google.com\/maps\/embed?pb=!1m18!1m12!1m3!1d3011.182327870602!2d29.220067814747992!3d40.99938232792231!2m3!1f0!2f0!3f0!3m2!1i1024!2i768!4f13.1!3m3!1m2!1s0x14cacfd2f235b9cd%3A0xbd2f99a5f3ce1df7!2sAbdurrahmangazi%2C%20Alt%C4%B1nay%20Sk.%2C%2034887%20Sancaktepe%2F%C4%B0stanbul%2C%20Turkey!5e0!3m2!1sen!2smk!4v1653248077689!5m2!1sen!2smk\" width=\"600\" height=\"450\" style=\"border:0;\" allowfullscreen=\"\" loading=\"lazy\" referrerpolicy=\"no-referrer-when-downgrade\"><\/iframe><\/div><\/div><\/div><\/div><\/div><\/div><\/div>","protected":false},"excerpt":{"rendered":"Our Locations Top Technical Coatings TURKEY Abdurrahman Gazi Mah. Alt\u0131nay Sok. Bina 10A, Sancaktepe 34887 | ISTANBUL Mobile: +90 539","protected":false},"author":1,"featured_media":0,"parent":0,"menu_order":0,"comment_status":"closed","ping_status":"closed","template":"","meta":{"_monsterinsights_skip_tracking":false,"_monsterinsights_sitenote_active":false,"_monsterinsights_sitenote_note":"","_monsterinsights_sitenote_category":0,"_joinchat":[],"footnotes":""},"class_list":["post-655","page","type-page","status-publish","hentry"],"yoast_head":"<!-- This site is optimized with the Yoast SEO plugin v26.3 - https:\/\/yoast.com\/wordpress\/plugins\/seo\/ -->\n<title>Contact - TTC<\/title>\n<meta name=\"robots\" content=\"index, follow, max-snippet:-1, max-image-preview:large, max-video-preview:-1\" \/>\n<link rel=\"canonical\" href=\"https:\/\/ttccoatings.com\/ar\/contact-us-4\/\" \/>\n<meta property=\"og:locale\" content=\"ar_AR\" \/>\n<meta property=\"og:type\" content=\"article\" \/>\n<meta property=\"og:title\" content=\"Contact - TTC\" \/>\n<meta property=\"og:url\" content=\"https:\/\/ttccoatings.com\/ar\/contact-us-4\/\" \/>\n<meta property=\"og:site_name\" content=\"TTC\" \/>\n<meta property=\"article:modified_time\" content=\"2025-10-29T15:17:09+00:00\" \/>\n<meta name=\"twitter:card\" content=\"summary_large_image\" \/>\n<meta name=\"twitter:label1\" content=\"\u0648\u0642\u062a \u0627\u0644\u0642\u0631\u0627\u0621\u0629 \u0627\u0644\u0645\u064f\u0642\u062f\u0651\u0631\" \/>\n\t<meta name=\"twitter:data1\" content=\"2 minutes\" \/>\n<script type=\"application\/ld+json\" class=\"yoast-schema-graph\">{\"@context\":\"https:\/\/schema.org\",\"@graph\":[{\"@type\":\"WebPage\",\"@id\":\"https:\/\/ttccoatings.com\/contact-us-4\/\",\"url\":\"https:\/\/ttccoatings.com\/contact-us-4\/\",\"name\":\"Contact - TTC\",\"isPartOf\":{\"@id\":\"https:\/\/ttccoatings.com\/#website\"},\"datePublished\":\"2017-06-27T06:32:31+00:00\",\"dateModified\":\"2025-10-29T15:17:09+00:00\",\"breadcrumb\":{\"@id\":\"https:\/\/ttccoatings.com\/contact-us-4\/#breadcrumb\"},\"inLanguage\":\"ar\",\"potentialAction\":[{\"@type\":\"ReadAction\",\"target\":[\"https:\/\/ttccoatings.com\/contact-us-4\/\"]}]},{\"@type\":\"BreadcrumbList\",\"@id\":\"https:\/\/ttccoatings.com\/contact-us-4\/#breadcrumb\",\"itemListElement\":[{\"@type\":\"ListItem\",\"position\":1,\"name\":\"Home\",\"item\":\"https:\/\/ttccoatings.com\/\"},{\"@type\":\"ListItem\",\"position\":2,\"name\":\"Contact\"}]},{\"@type\":\"WebSite\",\"@id\":\"https:\/\/ttccoatings.com\/#website\",\"url\":\"https:\/\/ttccoatings.com\/\",\"name\":\"TTC\",\"description\":\"Coating\",\"potentialAction\":[{\"@type\":\"SearchAction\",\"target\":{\"@type\":\"EntryPoint\",\"urlTemplate\":\"https:\/\/ttccoatings.com\/?s={search_term_string}\"},\"query-input\":{\"@type\":\"PropertyValueSpecification\",\"valueRequired\":true,\"valueName\":\"search_term_string\"}}],\"inLanguage\":\"ar\"}]}<\/script>\n<!-- \/ Yoast SEO plugin. -->","yoast_head_json":{"title":"Contact - TTC","robots":{"index":"index","follow":"follow","max-snippet":"max-snippet:-1","max-image-preview":"max-image-preview:large","max-video-preview":"max-video-preview:-1"},"canonical":"https:\/\/ttccoatings.com\/ar\/contact-us-4\/","og_locale":"ar_AR","og_type":"article","og_title":"Contact - TTC","og_url":"https:\/\/ttccoatings.com\/ar\/contact-us-4\/","og_site_name":"TTC","article_modified_time":"2025-10-29T15:17:09+00:00","twitter_card":"summary_large_image","twitter_misc":{"\u0648\u0642\u062a \u0627\u0644\u0642\u0631\u0627\u0621\u0629 \u0627\u0644\u0645\u064f\u0642\u062f\u0651\u0631":"2 minutes"},"schema":{"@context":"https:\/\/schema.org","@graph":[{"@type":"WebPage","@id":"https:\/\/ttccoatings.com\/contact-us-4\/","url":"https:\/\/ttccoatings.com\/contact-us-4\/","name":"Contact - TTC","isPartOf":{"@id":"https:\/\/ttccoatings.com\/#website"},"datePublished":"2017-06-27T06:32:31+00:00","dateModified":"2025-10-29T15:17:09+00:00","breadcrumb":{"@id":"https:\/\/ttccoatings.com\/contact-us-4\/#breadcrumb"},"inLanguage":"ar","potentialAction":[{"@type":"ReadAction","target":["https:\/\/ttccoatings.com\/contact-us-4\/"]}]},{"@type":"BreadcrumbList","@id":"https:\/\/ttccoatings.com\/contact-us-4\/#breadcrumb","itemListElement":[{"@type":"ListItem","position":1,"name":"Home","item":"https:\/\/ttccoatings.com\/"},{"@type":"ListItem","position":2,"name":"Contact"}]},{"@type":"WebSite","@id":"https:\/\/ttccoatings.com\/#website","url":"https:\/\/ttccoatings.com\/","name":"TTC","description":"Coating","potentialAction":[{"@type":"SearchAction","target":{"@type":"EntryPoint","urlTemplate":"https:\/\/ttccoatings.com\/?s={search_term_string}"},"query-input":{"@type":"PropertyValueSpecification","valueRequired":true,"valueName":"search_term_string"}}],"inLanguage":"ar"}]}},"_links":{"self":[{"href":"https:\/\/ttccoatings.com\/ar\/wp-json\/wp\/v2\/pages\/655","targetHints":{"allow":["GET"]}}],"collection":[{"href":"https:\/\/ttccoatings.com\/ar\/wp-json\/wp\/v2\/pages"}],"about":[{"href":"https:\/\/ttccoatings.com\/ar\/wp-json\/wp\/v2\/types\/page"}],"author":[{"embeddable":true,"href":"https:\/\/ttccoatings.com\/ar\/wp-json\/wp\/v2\/users\/1"}],"replies":[{"embeddable":true,"href":"https:\/\/ttccoatings.com\/ar\/wp-json\/wp\/v2\/comments?post=655"}],"version-history":[{"count":20,"href":"https:\/\/ttccoatings.com\/ar\/wp-json\/wp\/v2\/pages\/655\/revisions"}],"predecessor-version":[{"id":4873,"href":"https:\/\/ttccoatings.com\/ar\/wp-json\/wp\/v2\/pages\/655\/revisions\/4873"}],"wp:attachment":[{"href":"https:\/\/ttccoatings.com\/ar\/wp-json\/wp\/v2\/media?parent=655"}],"curies":[{"name":"wp","href":"https:\/\/api.w.org\/{rel}","templated":true}]}}